{"id":250,"date":"2017-09-11T09:52:58","date_gmt":"2017-09-11T09:52:58","guid":{"rendered":"https:\/\/sbx.masajeinfantilcostarica.org\/?page_id=250"},"modified":"2026-01-09T22:38:27","modified_gmt":"2026-01-09T22:38:27","slug":"typography","status":"publish","type":"page","link":"https:\/\/sbx.masajeinfantilcostarica.org\/?page_id=250","title":{"rendered":"Asociaci\u00f3n Masaje Infantil de Costa Rica (AMI-CR)"},"content":{"rendered":"<div class=\"wpb-content-wrapper\"><p>[vc_row hide_bg_image_on_tablet=&#8221;&#8221; hide_bg_image_on_mobile=&#8221;&#8221;][vc_column css=&#8221;.vc_custom_1477912247150{margin-top: 0.2rem !important;}&#8221;][vc_column_text css=&#8221;&#8221;]<\/p>\n<h3><strong>Sobre Nosotros<\/strong><\/h3>\n<p>La Asociaci\u00f3n de Masaje Infantil de Costa Rica (AMI-CR) es una organizaci\u00f3n sin fines de lucro, legalmente constituida en Costa Rica desde el a\u00f1o 2008.\u00a0 Representa los ideales y lineamientos de la Asociaci\u00f3n Internacional de Masaje Infantil (IAIM por sus siglas en ingl\u00e9s) en Costa Rica.<\/p>\n<p><strong>AMI-CR<\/strong> promueve el masaje infantil como una herramienta para fortalecer la comunicaci\u00f3n y el v\u00ednculo afectivo entre familias y sus beb\u00e9s.[\/vc_column_text][\/vc_column][\/vc_row][vc_row][vc_column][vc_empty_space height=&#8221;1.5em&#8221; alter_height=&#8221;none&#8221; hide_on_desktop=&#8221;&#8221; hide_on_notebook=&#8221;&#8221; hide_on_tablet=&#8221;&#8221; hide_on_mobile=&#8221;&#8221;][vc_separator][vc_empty_space height=&#8221;1.25em&#8221; alter_height=&#8221;none&#8221; hide_on_desktop=&#8221;&#8221; hide_on_notebook=&#8221;&#8221; hide_on_tablet=&#8221;&#8221; hide_on_mobile=&#8221;&#8221;][\/vc_column][\/vc_row]<\/p>\n<\/div>","protected":false},"excerpt":{"rendered":"<p>[vc_row hide_bg_image_on_tablet=&#8221;&#8221; hide_bg_image_on_mobile=&#8221;&#8221;][vc_column css=&#8221;.vc_custom_1477912247150{margin-top: 0.2rem !important;}&#8221;][vc_column_text css=&#8221;&#8221;] Sobre Nosotros La Asociaci\u00f3n de Masaje Infantil de Costa Rica (AMI-CR) es una organizaci\u00f3n sin fines de lucro, legalmente constituida en Costa Rica desde el a\u00f1o 2008.\u00a0 Representa los ideales y lineamientos de&hellip;<\/p>\n","protected":false},"author":1,"featured_media":0,"parent":0,"menu_order":0,"comment_status":"closed","ping_status":"closed","template":"","meta":{"footnotes":""},"class_list":["post-250","page","type-page","status-publish","hentry"],"_links":{"self":[{"href":"https:\/\/sbx.masajeinfantilcostarica.org\/index.php?rest_route=\/wp\/v2\/pages\/250","targetHints":{"allow":["GET"]}}],"collection":[{"href":"https:\/\/sbx.masajeinfantilcostarica.org\/index.php?rest_route=\/wp\/v2\/pages"}],"about":[{"href":"https:\/\/sbx.masajeinfantilcostarica.org\/index.php?rest_route=\/wp\/v2\/types\/page"}],"author":[{"embeddable":true,"href":"https:\/\/sbx.masajeinfantilcostarica.org\/index.php?rest_route=\/wp\/v2\/users\/1"}],"replies":[{"embeddable":true,"href":"https:\/\/sbx.masajeinfantilcostarica.org\/index.php?rest_route=%2Fwp%2Fv2%2Fcomments&post=250"}],"version-history":[{"count":12,"href":"https:\/\/sbx.masajeinfantilcostarica.org\/index.php?rest_route=\/wp\/v2\/pages\/250\/revisions"}],"predecessor-version":[{"id":1539,"href":"https:\/\/sbx.masajeinfantilcostarica.org\/index.php?rest_route=\/wp\/v2\/pages\/250\/revisions\/1539"}],"wp:attachment":[{"href":"https:\/\/sbx.masajeinfantilcostarica.org\/index.php?rest_route=%2Fwp%2Fv2%2Fmedia&parent=250"}],"curies":[{"name":"wp","href":"https:\/\/api.w.org\/{rel}","templated":true}]}}